{"id":879,"date":"2021-02-25T13:52:02","date_gmt":"2021-02-25T13:52:02","guid":{"rendered":"https:\/\/meetpanorama.com\/?page_id=879"},"modified":"2021-02-25T18:13:44","modified_gmt":"2021-02-25T18:13:44","slug":"contacto","status":"publish","type":"page","link":"https:\/\/meetpanorama.com\/pt-pt\/contacto\/","title":{"rendered":"contacto"},"content":{"rendered":"\t\t<div data-elementor-type=\"wp-page\" data-elementor-id=\"879\" class=\"elementor elementor-879 elementor-20\">\n\t\t\t\t\t\t<section class=\"elementor-section elementor-top-section elementor-element elementor-element-61587f43 elementor-section-boxed elementor-section-height-default elementor-section-height-default\" data-id=\"61587f43\" data-element_type=\"section\" data-settings=\"{&quot;background_background&quot;:&quot;classic&quot;}\">\n\t\t\t\t\t\t<div class=\"elementor-container elementor-column-gap-default\">\n\t\t\t\t\t<div class=\"elementor-column elementor-col-100 elementor-top-column elementor-element elementor-element-7db6a441\" data-id=\"7db6a441\" data-element_type=\"column\">\n\t\t\t<div class=\"elementor-widget-wrap elementor-element-populated\">\n\t\t\t\t\t\t<section class=\"elementor-section elementor-inner-section elementor-element elementor-element-7a772168 elementor-section-boxed elementor-section-height-default elementor-section-height-default\" data-id=\"7a772168\" data-element_type=\"section\">\n\t\t\t\t\t\t<div class=\"elementor-container elementor-column-gap-default\">\n\t\t\t\t\t<div class=\"elementor-column elementor-col-33 elementor-inner-column elementor-element elementor-element-217ffd4a\" data-id=\"217ffd4a\" data-element_type=\"column\">\n\t\t\t<div class=\"elementor-widget-wrap elementor-element-populated\">\n\t\t\t\t\t\t<div class=\"elementor-element elementor-element-264411a8 elementor-widget elementor-widget-heading\" data-id=\"264411a8\" data-element_type=\"widget\" data-widget_type=\"heading.default\">\n\t\t\t\t<div class=\"elementor-widget-container\">\n\t\t\t\t\t<h1 class=\"elementor-heading-title elementor-size-default\">Deixe-nos seus dados e n\u00f3s lhe enviaremos uma demonstra\u00e7\u00e3o<\/h1>\t\t\t\t<\/div>\n\t\t\t\t<\/div>\n\t\t\t\t\t<\/div>\n\t\t<\/div>\n\t\t\t\t<div class=\"elementor-column elementor-col-33 elementor-inner-column elementor-element elementor-element-629b039c\" data-id=\"629b039c\" data-element_type=\"column\">\n\t\t\t<div class=\"elementor-widget-wrap\">\n\t\t\t\t\t\t\t<\/div>\n\t\t<\/div>\n\t\t\t\t<div class=\"elementor-column elementor-col-33 elementor-inner-column elementor-element elementor-element-6de81e65\" data-id=\"6de81e65\" data-element_type=\"column\">\n\t\t\t<div class=\"elementor-widget-wrap elementor-element-populated\">\n\t\t\t\t\t\t<div class=\"elementor-element elementor-element-29dec71 elementor-widget elementor-widget-image\" data-id=\"29dec71\" data-element_type=\"widget\" data-widget_type=\"image.default\">\n\t\t\t\t<div class=\"elementor-widget-container\">\n\t\t\t\t\t\t\t\t\t\t\t\t\t\t\t\t<a href=\"https:\/\/pju.fa9.myftpupload.com\/\">\n\t\t\t\t\t\t\t<img fetchpriority=\"high\" decoding=\"async\" width=\"275\" height=\"300\" src=\"https:\/\/meetpanorama.com\/wp-content\/uploads\/2020\/02\/Logo_color1-275x300.png\" class=\"attachment-medium size-medium wp-image-867\" alt=\"\" srcset=\"https:\/\/meetpanorama.com\/wp-content\/uploads\/2020\/02\/Logo_color1-275x300.png 275w, https:\/\/meetpanorama.com\/wp-content\/uploads\/2020\/02\/Logo_color1-600x654.png 600w, https:\/\/meetpanorama.com\/wp-content\/uploads\/2020\/02\/Logo_color1-939x1024.png 939w, https:\/\/meetpanorama.com\/wp-content\/uploads\/2020\/02\/Logo_color1-768x838.png 768w, https:\/\/meetpanorama.com\/wp-content\/uploads\/2020\/02\/Logo_color1.png 1091w\" sizes=\"(max-width: 275px) 100vw, 275px\" \/>\t\t\t\t\t\t\t\t<\/a>\n\t\t\t\t\t\t\t\t\t\t\t\t\t\t\t<\/div>\n\t\t\t\t<\/div>\n\t\t\t\t\t<\/div>\n\t\t<\/div>\n\t\t\t\t\t<\/div>\n\t\t<\/section>\n\t\t\t\t\t<\/div>\n\t\t<\/div>\n\t\t\t\t\t<\/div>\n\t\t<\/section>\n\t\t\t\t<section class=\"elementor-section elementor-top-section elementor-element elementor-element-287d7c71 elementor-section-boxed elementor-section-height-default elementor-section-height-default\" data-id=\"287d7c71\" data-element_type=\"section\" data-settings=\"{&quot;background_background&quot;:&quot;classic&quot;}\">\n\t\t\t\t\t\t<div class=\"elementor-container elementor-column-gap-default\">\n\t\t\t\t\t<div class=\"elementor-column elementor-col-100 elementor-top-column elementor-element elementor-element-36313673\" data-id=\"36313673\" data-element_type=\"column\">\n\t\t\t<div class=\"elementor-widget-wrap elementor-element-populated\">\n\t\t\t\t\t\t<div class=\"elementor-element elementor-element-185c3564 elementor-widget elementor-widget-shortcode\" data-id=\"185c3564\" data-element_type=\"widget\" data-widget_type=\"shortcode.default\">\n\t\t\t\t<div class=\"elementor-widget-container\">\n\t\t\t\t\t\t\t<div class=\"elementor-shortcode\"><div class=\"wpforms-container wpforms-container-full\" id=\"wpforms-884\"><form id=\"wpforms-form-884\" class=\"wpforms-validate wpforms-form\" data-formid=\"884\" method=\"post\" enctype=\"multipart\/form-data\" action=\"\/pt-pt\/wp-json\/wp\/v2\/pages\/879\" data-token=\"3aed573343668d1691f2d1e3533ca747\" data-token-time=\"1775263810\"><noscript class=\"wpforms-error-noscript\">Please enable JavaScript in your browser to complete this form.<\/noscript><div class=\"wpforms-field-container\"><div id=\"wpforms-884-field_0-container\" class=\"wpforms-field wpforms-field-name\" data-field-id=\"0\"><label class=\"wpforms-field-label\" for=\"wpforms-884-field_0\">Nome e sobrenome <span class=\"wpforms-required-label\">*<\/span><\/label><div class=\"wpforms-field-row wpforms-field-medium\"><div class=\"wpforms-field-row-block wpforms-first wpforms-one-half\"><input type=\"text\" id=\"wpforms-884-field_0\" class=\"wpforms-field-name-first wpforms-field-required\" name=\"wpforms[fields][0][first]\" placeholder=\"Nome\" required><label for=\"wpforms-884-field_0\" class=\"wpforms-field-sublabel after wpforms-sublabel-hide\">First<\/label><\/div><div class=\"wpforms-field-row-block wpforms-one-half\"><input type=\"text\" id=\"wpforms-884-field_0-last\" class=\"wpforms-field-name-last wpforms-field-required\" name=\"wpforms[fields][0][last]\" placeholder=\"Sobrenome\" required><label for=\"wpforms-884-field_0-last\" class=\"wpforms-field-sublabel after wpforms-sublabel-hide\">Last<\/label><\/div><\/div><\/div><div id=\"wpforms-884-field_7-container\" class=\"wpforms-field wpforms-field-text\" data-field-id=\"7\"><label class=\"wpforms-field-label\" for=\"wpforms-884-field_7\">Compa\u00f1\u00eda <span class=\"wpforms-required-label\">*<\/span><\/label><input type=\"text\" id=\"wpforms-884-field_7\" class=\"wpforms-field-medium wpforms-field-required\" name=\"wpforms[fields][7]\" required><\/div><div id=\"wpforms-884-field_1-container\" class=\"wpforms-field wpforms-field-email\" data-field-id=\"1\"><label class=\"wpforms-field-label\" for=\"wpforms-884-field_1\">Email <span class=\"wpforms-required-label\">*<\/span><\/label><input type=\"email\" id=\"wpforms-884-field_1\" class=\"wpforms-field-medium wpforms-field-required\" name=\"wpforms[fields][1]\" spellcheck=\"false\" required><\/div><div id=\"wpforms-884-field_3-container\" class=\"wpforms-field wpforms-field-number\" data-field-id=\"3\"><label class=\"wpforms-field-label\" for=\"wpforms-884-field_3\">Tel\u00e9fono <span class=\"wpforms-required-label\">*<\/span><\/label><input type=\"number\" id=\"wpforms-884-field_3\" class=\"wpforms-field-medium wpforms-field-required\" name=\"wpforms[fields][3]\" step=\"any\" required><\/div><div id=\"wpforms-884-field_9-container\" class=\"wpforms-field wpforms-field-checkbox\" data-field-id=\"9\"><label class=\"wpforms-field-label wpforms-label-hide\">Aviso legal <span class=\"wpforms-required-label\">*<\/span><\/label><ul id=\"wpforms-884-field_9\" class=\"wpforms-field-required\"><li class=\"choice-1 depth-1 wpforms-selected\"><input type=\"checkbox\" id=\"wpforms-884-field_9_1\" name=\"wpforms[fields][9][]\" value=\"ACEITO: Li o aviso legal e aceito a &lt;u&gt;&lt;a href=&quot;https:\/\/thekeytalent.com\/politica-protecao-dados\/?lang=pt-pt&quot;  style = &quot;color:#FFFFFF;&quot;&gt; pol\u00edtica de privacidade.&lt;\/a&gt;&lt;\/u&gt;\" required  checked='checked'><label class=\"wpforms-field-label-inline\" for=\"wpforms-884-field_9_1\">ACEITO: Li o aviso legal e aceito a <u><a href=\"https:\/\/thekeytalent.com\/politica-protecao-dados\/?lang=pt-pt\" style=\"color:#FFFFFF\"> pol\u00edtica de privacidade.<\/a><\/u><\/label><\/li><\/ul><div class=\"wpforms-field-description\"><p style=\"color:#FFFFFF;\">Os dados pessoais que nos fornecer ser\u00e3o tratados por Darwin Partners SL (The Key Talent) como respons\u00e1vel por este site <u><a href=\"https:\/\/thekeytalent.com\"  style = \"font-size: 13px; color:#FFFFFF;\"> The Key Talent  <\/a><\/u> a fim de responder \u00e0 sua consulta. <b>Direitos:<\/b> Pode exercer os seus direitos de acesso, retifica\u00e7\u00e3o, exclus\u00e3o, oposi\u00e7\u00e3o, portabilidade e limita\u00e7\u00e3o do processamento dos seus dados entrando em contato com  <u><a href=\"mailto: lopd@thekeytalent.com\"  style = \"font-size: 13px; color:#FFFFFF;\">  lopd@thekeytalent.com<\/a><\/u>, bem como o direito de registar uma reclama\u00e7\u00e3o junto de uma autoridade de controle. Pode consultar informa\u00e7\u00f5es adicionais e detalhadas sobre Prote\u00e7\u00e3o de Dados na nossa  <u><a href=\"https:\/\/thekeytalent.com\/politica-protecao-dados\/?lang=pt-pt\"  style = \"font-size: 13px; color:#FFFFFF;\">pol\u00edtica de privacidade.<\/a><\/u><\/a><\/p><\/div><\/div><\/div><!-- .wpforms-field-container --><div class=\"wpforms-field wpforms-field-hp\"><label for=\"wpforms-884-field-hp\" class=\"wpforms-field-label\">Name<\/label><input type=\"text\" name=\"wpforms[hp]\" id=\"wpforms-884-field-hp\" class=\"wpforms-field-medium\"><\/div><div class=\"wpforms-submit-container\" ><input type=\"hidden\" name=\"wpforms[id]\" value=\"884\"><input type=\"hidden\" name=\"page_title\" value=\"\"><input type=\"hidden\" name=\"page_url\" value=\"https:\/\/meetpanorama.com\/pt-pt\/wp-json\/wp\/v2\/pages\/879\"><input type=\"hidden\" name=\"url_referer\" value=\"\"><button type=\"submit\" name=\"wpforms[submit]\" id=\"wpforms-submit-884\" class=\"wpforms-submit\" data-alt-text=\"Enviando...\" data-submit-text=\"Enviar\" aria-live=\"assertive\" value=\"wpforms-submit\">Enviar<\/button><\/div><\/form><\/div>  <!-- .wpforms-container --><\/div>\n\t\t\t\t\t\t<\/div>\n\t\t\t\t<\/div>\n\t\t\t\t\t<\/div>\n\t\t<\/div>\n\t\t\t\t\t<\/div>\n\t\t<\/section>\n\t\t\t\t<section class=\"elementor-section elementor-top-section elementor-element elementor-element-33d81570 elementor-section-boxed elementor-section-height-default elementor-section-height-default\" data-id=\"33d81570\" data-element_type=\"section\" data-settings=\"{&quot;background_background&quot;:&quot;gradient&quot;,&quot;shape_divider_top&quot;:&quot;pyramids&quot;}\">\n\t\t\t\t\t\t\t<div class=\"elementor-background-overlay\"><\/div>\n\t\t\t\t\t\t<div class=\"elementor-shape elementor-shape-top\" aria-hidden=\"true\" data-negative=\"false\">\n\t\t\t<svg xmlns=\"http:\/\/www.w3.org\/2000\/svg\" viewBox=\"0 0 1000 100\" preserveAspectRatio=\"none\">\n\t<path class=\"elementor-shape-fill\" d=\"M761.9,44.1L643.1,27.2L333.8,98L0,3.8V0l1000,0v3.9\"\/>\n<\/svg>\t\t<\/div>\n\t\t\t\t\t<div class=\"elementor-container elementor-column-gap-default\">\n\t\t\t\t\t<div class=\"elementor-column elementor-col-100 elementor-top-column elementor-element elementor-element-72adb9a7\" data-id=\"72adb9a7\" data-element_type=\"column\">\n\t\t\t<div class=\"elementor-widget-wrap\">\n\t\t\t\t\t\t\t<\/div>\n\t\t<\/div>\n\t\t\t\t\t<\/div>\n\t\t<\/section>\n\t\t\t\t<\/div>\n\t\t","protected":false},"excerpt":{"rendered":"<p>Deixe-nos seus dados e n\u00f3s lhe enviaremos uma demonstra\u00e7\u00e3o<\/p>\n","protected":false},"author":2,"featured_media":0,"parent":0,"menu_order":0,"comment_status":"closed","ping_status":"closed","template":"elementor_header_footer","meta":{"content-type":"","footnotes":""},"_links":{"self":[{"href":"https:\/\/meetpanorama.com\/pt-pt\/wp-json\/wp\/v2\/pages\/879"}],"collection":[{"href":"https:\/\/meetpanorama.com\/pt-pt\/wp-json\/wp\/v2\/pages"}],"about":[{"href":"https:\/\/meetpanorama.com\/pt-pt\/wp-json\/wp\/v2\/types\/page"}],"author":[{"embeddable":true,"href":"https:\/\/meetpanorama.com\/pt-pt\/wp-json\/wp\/v2\/users\/2"}],"replies":[{"embeddable":true,"href":"https:\/\/meetpanorama.com\/pt-pt\/wp-json\/wp\/v2\/comments?post=879"}],"version-history":[{"count":12,"href":"https:\/\/meetpanorama.com\/pt-pt\/wp-json\/wp\/v2\/pages\/879\/revisions"}],"predecessor-version":[{"id":936,"href":"https:\/\/meetpanorama.com\/pt-pt\/wp-json\/wp\/v2\/pages\/879\/revisions\/936"}],"wp:attachment":[{"href":"https:\/\/meetpanorama.com\/pt-pt\/wp-json\/wp\/v2\/media?parent=879"}],"curies":[{"name":"wp","href":"https:\/\/api.w.org\/{rel}","templated":true}]}}