{"id":926,"date":"2021-02-25T18:06:53","date_gmt":"2021-02-25T18:06:53","guid":{"rendered":"https:\/\/meetpanorama.com\/?page_id=926"},"modified":"2021-02-25T18:09:47","modified_gmt":"2021-02-25T18:09:47","slug":"contact","status":"publish","type":"page","link":"https:\/\/meetpanorama.com\/en\/contact\/","title":{"rendered":"contact"},"content":{"rendered":"\t\t<div data-elementor-type=\"wp-page\" data-elementor-id=\"926\" class=\"elementor elementor-926 elementor-20\">\n\t\t\t\t\t\t<section class=\"elementor-section elementor-top-section elementor-element elementor-element-61587f43 elementor-section-boxed elementor-section-height-default elementor-section-height-default\" data-id=\"61587f43\" data-element_type=\"section\" data-settings=\"{&quot;background_background&quot;:&quot;classic&quot;}\">\n\t\t\t\t\t\t<div class=\"elementor-container elementor-column-gap-default\">\n\t\t\t\t\t<div class=\"elementor-column elementor-col-100 elementor-top-column elementor-element elementor-element-7db6a441\" data-id=\"7db6a441\" data-element_type=\"column\">\n\t\t\t<div class=\"elementor-widget-wrap elementor-element-populated\">\n\t\t\t\t\t\t<section class=\"elementor-section elementor-inner-section elementor-element elementor-element-7a772168 elementor-section-boxed elementor-section-height-default elementor-section-height-default\" data-id=\"7a772168\" data-element_type=\"section\">\n\t\t\t\t\t\t<div class=\"elementor-container elementor-column-gap-default\">\n\t\t\t\t\t<div class=\"elementor-column elementor-col-33 elementor-inner-column elementor-element elementor-element-217ffd4a\" data-id=\"217ffd4a\" data-element_type=\"column\">\n\t\t\t<div class=\"elementor-widget-wrap elementor-element-populated\">\n\t\t\t\t\t\t<div class=\"elementor-element elementor-element-264411a8 elementor-widget elementor-widget-heading\" data-id=\"264411a8\" data-element_type=\"widget\" data-widget_type=\"heading.default\">\n\t\t\t\t<div class=\"elementor-widget-container\">\n\t\t\t\t\t<h1 class=\"elementor-heading-title elementor-size-default\">Leave us your information and we will send you a Demo!<\/h1>\t\t\t\t<\/div>\n\t\t\t\t<\/div>\n\t\t\t\t\t<\/div>\n\t\t<\/div>\n\t\t\t\t<div class=\"elementor-column elementor-col-33 elementor-inner-column elementor-element elementor-element-629b039c\" data-id=\"629b039c\" data-element_type=\"column\">\n\t\t\t<div class=\"elementor-widget-wrap\">\n\t\t\t\t\t\t\t<\/div>\n\t\t<\/div>\n\t\t\t\t<div class=\"elementor-column elementor-col-33 elementor-inner-column elementor-element elementor-element-6de81e65\" data-id=\"6de81e65\" data-element_type=\"column\">\n\t\t\t<div class=\"elementor-widget-wrap elementor-element-populated\">\n\t\t\t\t\t\t<div class=\"elementor-element elementor-element-29dec71 elementor-widget elementor-widget-image\" data-id=\"29dec71\" data-element_type=\"widget\" data-widget_type=\"image.default\">\n\t\t\t\t<div class=\"elementor-widget-container\">\n\t\t\t\t\t\t\t\t\t\t\t\t\t\t\t\t<a href=\"https:\/\/pju.fa9.myftpupload.com\/\">\n\t\t\t\t\t\t\t<img fetchpriority=\"high\" decoding=\"async\" width=\"275\" height=\"300\" src=\"https:\/\/meetpanorama.com\/wp-content\/uploads\/2020\/02\/Logo_color1-275x300.png\" class=\"attachment-medium size-medium wp-image-920\" alt=\"\" srcset=\"https:\/\/meetpanorama.com\/wp-content\/uploads\/2020\/02\/Logo_color1-275x300.png 275w, https:\/\/meetpanorama.com\/wp-content\/uploads\/2020\/02\/Logo_color1-600x654.png 600w, https:\/\/meetpanorama.com\/wp-content\/uploads\/2020\/02\/Logo_color1-939x1024.png 939w, https:\/\/meetpanorama.com\/wp-content\/uploads\/2020\/02\/Logo_color1-768x838.png 768w, https:\/\/meetpanorama.com\/wp-content\/uploads\/2020\/02\/Logo_color1.png 1091w\" sizes=\"(max-width: 275px) 100vw, 275px\" \/>\t\t\t\t\t\t\t\t<\/a>\n\t\t\t\t\t\t\t\t\t\t\t\t\t\t\t<\/div>\n\t\t\t\t<\/div>\n\t\t\t\t\t<\/div>\n\t\t<\/div>\n\t\t\t\t\t<\/div>\n\t\t<\/section>\n\t\t\t\t\t<\/div>\n\t\t<\/div>\n\t\t\t\t\t<\/div>\n\t\t<\/section>\n\t\t\t\t<section class=\"elementor-section elementor-top-section elementor-element elementor-element-287d7c71 elementor-section-boxed elementor-section-height-default elementor-section-height-default\" data-id=\"287d7c71\" data-element_type=\"section\" data-settings=\"{&quot;background_background&quot;:&quot;classic&quot;}\">\n\t\t\t\t\t\t<div class=\"elementor-container elementor-column-gap-default\">\n\t\t\t\t\t<div class=\"elementor-column elementor-col-100 elementor-top-column elementor-element elementor-element-36313673\" data-id=\"36313673\" data-element_type=\"column\">\n\t\t\t<div class=\"elementor-widget-wrap elementor-element-populated\">\n\t\t\t\t\t\t<div class=\"elementor-element elementor-element-185c3564 elementor-widget elementor-widget-shortcode\" data-id=\"185c3564\" data-element_type=\"widget\" data-widget_type=\"shortcode.default\">\n\t\t\t\t<div class=\"elementor-widget-container\">\n\t\t\t\t\t\t\t<div class=\"elementor-shortcode\"><div class=\"wpforms-container wpforms-container-full\" id=\"wpforms-925\"><form id=\"wpforms-form-925\" class=\"wpforms-validate wpforms-form\" data-formid=\"925\" method=\"post\" enctype=\"multipart\/form-data\" action=\"\/en\/wp-json\/wp\/v2\/pages\/926\" data-token=\"f021bb1e9b179ddc529e4fac0b205fec\" data-token-time=\"1775269825\"><noscript class=\"wpforms-error-noscript\">Please enable JavaScript in your browser to complete this form.<\/noscript><div class=\"wpforms-field-container\"><div id=\"wpforms-925-field_0-container\" class=\"wpforms-field wpforms-field-name\" data-field-id=\"0\"><label class=\"wpforms-field-label\" for=\"wpforms-925-field_0\">Name <span class=\"wpforms-required-label\">*<\/span><\/label><div class=\"wpforms-field-row wpforms-field-medium\"><div class=\"wpforms-field-row-block wpforms-first wpforms-one-half\"><input type=\"text\" id=\"wpforms-925-field_0\" class=\"wpforms-field-name-first wpforms-field-required\" name=\"wpforms[fields][0][first]\" required><label for=\"wpforms-925-field_0\" class=\"wpforms-field-sublabel after wpforms-sublabel-hide\">First<\/label><\/div><div class=\"wpforms-field-row-block wpforms-one-half\"><input type=\"text\" id=\"wpforms-925-field_0-last\" class=\"wpforms-field-name-last wpforms-field-required\" name=\"wpforms[fields][0][last]\" required><label for=\"wpforms-925-field_0-last\" class=\"wpforms-field-sublabel after wpforms-sublabel-hide\">Last<\/label><\/div><\/div><\/div><div id=\"wpforms-925-field_7-container\" class=\"wpforms-field wpforms-field-text\" data-field-id=\"7\"><label class=\"wpforms-field-label\" for=\"wpforms-925-field_7\">Company <span class=\"wpforms-required-label\">*<\/span><\/label><input type=\"text\" id=\"wpforms-925-field_7\" class=\"wpforms-field-medium wpforms-field-required\" name=\"wpforms[fields][7]\" required><\/div><div id=\"wpforms-925-field_1-container\" class=\"wpforms-field wpforms-field-email\" data-field-id=\"1\"><label class=\"wpforms-field-label\" for=\"wpforms-925-field_1\">Email <span class=\"wpforms-required-label\">*<\/span><\/label><input type=\"email\" id=\"wpforms-925-field_1\" class=\"wpforms-field-medium wpforms-field-required\" name=\"wpforms[fields][1]\" spellcheck=\"false\" required><\/div><div id=\"wpforms-925-field_3-container\" class=\"wpforms-field wpforms-field-number\" data-field-id=\"3\"><label class=\"wpforms-field-label\" for=\"wpforms-925-field_3\">Telephone <span class=\"wpforms-required-label\">*<\/span><\/label><input type=\"number\" id=\"wpforms-925-field_3\" class=\"wpforms-field-medium wpforms-field-required\" name=\"wpforms[fields][3]\" step=\"any\" required><\/div><div id=\"wpforms-925-field_8-container\" class=\"wpforms-field wpforms-field-checkbox\" data-field-id=\"8\"><label class=\"wpforms-field-label wpforms-label-hide\">Casillas de verificaci\u00f3n<\/label><ul id=\"wpforms-925-field_8\"><li class=\"choice-1 depth-1\"><input type=\"checkbox\" id=\"wpforms-925-field_8_1\" name=\"wpforms[fields][8][]\" value=\"I agree: He le\u00eddo el aviso legal y acepto la  &lt;b&gt;&lt;u&gt;&lt;a href=&quot;https:\/\/thekeytalent.com\/politica-de-privacidad\/&quot;  style = &quot;font-size: 15px; color:#FFFFFF;&quot;&gt; POL\u00cdTICA DE PRIVACIDAD. &lt;\/a&gt;&lt;\/u&gt;&lt;\/b&gt;\"  ><label class=\"wpforms-field-label-inline\" for=\"wpforms-925-field_8_1\">I agree: He le\u00eddo el aviso legal y acepto la  <b><u><a href=\"https:\/\/thekeytalent.com\/politica-de-privacidad\/\" style=\"font-size: 15px;color:#FFFFFF\"> POL\u00cdTICA DE PRIVACIDAD. <\/a><\/u><\/b><\/label><\/li><\/ul><div class=\"wpforms-field-description\"><p style=\"color:#FFFFFF;\">Los datos de car\u00e1cter personal que nos proporciones ser\u00e1n tratados por DARWIN PARTNERS S.L. (The Key Talent) como responsable de esta web  <u><a href=\"https:\/\/thekeytalent.com\"  style = \"font-size: 13px; color:#FFFFFF;\"> The Key Talent  <\/a><\/u>  con la finalidad de atender tu consulta. <b>Derechos:<\/b> Podr\u00e1 ejercer sus derechos de acceso, rectificaci\u00f3n, supresi\u00f3n, oposici\u00f3n, portabilidad y limitaci\u00f3n del tratamiento de sus datos dirigi\u00e9ndose a <u><a href=\"mailto: lopd@thekeytalent.com\"  style = \"font-size: 13px; color:#FFFFFF;\">  lopd@thekeytalent.com<\/a><\/u>, as\u00ed como el derecho a presentar una reclamaci\u00f3n ante una autoridad de control. Puede consultar la informaci\u00f3n adicional y detallada sobre Protecci\u00f3n de Datos en <u><a href=\"https:\/\/thekeytalent.com\/politica-de-privacidad\/\"  style = \"font-size: 13px; color:#FFFFFF;\"> nuestra pol\u00edtica de privacidad. <\/a><\/u><\/p><\/div><\/div><\/div><!-- .wpforms-field-container --><div class=\"wpforms-field wpforms-field-hp\"><label for=\"wpforms-925-field-hp\" class=\"wpforms-field-label\">Name<\/label><input type=\"text\" name=\"wpforms[hp]\" id=\"wpforms-925-field-hp\" class=\"wpforms-field-medium\"><\/div><div class=\"wpforms-submit-container\" ><input type=\"hidden\" name=\"wpforms[id]\" value=\"925\"><input type=\"hidden\" name=\"page_title\" value=\"\"><input type=\"hidden\" name=\"page_url\" value=\"https:\/\/meetpanorama.com\/en\/wp-json\/wp\/v2\/pages\/926\"><input type=\"hidden\" name=\"url_referer\" value=\"\"><button type=\"submit\" name=\"wpforms[submit]\" id=\"wpforms-submit-925\" class=\"wpforms-submit\" data-alt-text=\"Sending...\" data-submit-text=\"Send\" aria-live=\"assertive\" value=\"wpforms-submit\">Send<\/button><\/div><\/form><\/div>  <!-- .wpforms-container --><\/div>\n\t\t\t\t\t\t<\/div>\n\t\t\t\t<\/div>\n\t\t\t\t\t<\/div>\n\t\t<\/div>\n\t\t\t\t\t<\/div>\n\t\t<\/section>\n\t\t\t\t<section class=\"elementor-section elementor-top-section elementor-element elementor-element-33d81570 elementor-section-boxed elementor-section-height-default elementor-section-height-default\" data-id=\"33d81570\" data-element_type=\"section\" data-settings=\"{&quot;background_background&quot;:&quot;gradient&quot;,&quot;shape_divider_top&quot;:&quot;pyramids&quot;}\">\n\t\t\t\t\t\t\t<div class=\"elementor-background-overlay\"><\/div>\n\t\t\t\t\t\t<div class=\"elementor-shape elementor-shape-top\" aria-hidden=\"true\" data-negative=\"false\">\n\t\t\t<svg xmlns=\"http:\/\/www.w3.org\/2000\/svg\" viewBox=\"0 0 1000 100\" preserveAspectRatio=\"none\">\n\t<path class=\"elementor-shape-fill\" d=\"M761.9,44.1L643.1,27.2L333.8,98L0,3.8V0l1000,0v3.9\"\/>\n<\/svg>\t\t<\/div>\n\t\t\t\t\t<div class=\"elementor-container elementor-column-gap-default\">\n\t\t\t\t\t<div class=\"elementor-column elementor-col-100 elementor-top-column elementor-element elementor-element-72adb9a7\" data-id=\"72adb9a7\" data-element_type=\"column\">\n\t\t\t<div class=\"elementor-widget-wrap\">\n\t\t\t\t\t\t\t<\/div>\n\t\t<\/div>\n\t\t\t\t\t<\/div>\n\t\t<\/section>\n\t\t\t\t<\/div>\n\t\t","protected":false},"excerpt":{"rendered":"<p>Leave us your information and we will send you a Demo!<\/p>\n","protected":false},"author":2,"featured_media":0,"parent":0,"menu_order":0,"comment_status":"closed","ping_status":"closed","template":"elementor_header_footer","meta":{"content-type":"","footnotes":""},"_links":{"self":[{"href":"https:\/\/meetpanorama.com\/en\/wp-json\/wp\/v2\/pages\/926"}],"collection":[{"href":"https:\/\/meetpanorama.com\/en\/wp-json\/wp\/v2\/pages"}],"about":[{"href":"https:\/\/meetpanorama.com\/en\/wp-json\/wp\/v2\/types\/page"}],"author":[{"embeddable":true,"href":"https:\/\/meetpanorama.com\/en\/wp-json\/wp\/v2\/users\/2"}],"replies":[{"embeddable":true,"href":"https:\/\/meetpanorama.com\/en\/wp-json\/wp\/v2\/comments?post=926"}],"version-history":[{"count":4,"href":"https:\/\/meetpanorama.com\/en\/wp-json\/wp\/v2\/pages\/926\/revisions"}],"predecessor-version":[{"id":931,"href":"https:\/\/meetpanorama.com\/en\/wp-json\/wp\/v2\/pages\/926\/revisions\/931"}],"wp:attachment":[{"href":"https:\/\/meetpanorama.com\/en\/wp-json\/wp\/v2\/media?parent=926"}],"curies":[{"name":"wp","href":"https:\/\/api.w.org\/{rel}","templated":true}]}}